{"id":565,"date":"2025-11-05T22:13:12","date_gmt":"2025-11-05T21:13:12","guid":{"rendered":"https:\/\/dk.ostroleka.pl\/wp\/rekolekcje\/"},"modified":"2026-03-03T22:12:40","modified_gmt":"2026-03-03T21:12:40","slug":"rekolekcje","status":"publish","type":"page","link":"https:\/\/dk.ostroleka.pl\/wp\/rekolekcje\/","title":{"rendered":"Rekolekcje"},"content":{"rendered":"\n    \n    <section class=\"u-clearfix u-grey-10 u-section-2\" id=\"carousel_ac64\">\n      <img class=\"u-expanded-width u-image lazyload u-image-1\" data-image-width=\"1280\" data-image-height=\"960\" data-animation-name=\"flipIn\" data-animation-duration=\"1500\" data-animation-direction=\"X\" data-src=\"https:\/\/dk.ostroleka.pl\/wp\/wp-content\/uploads\/2025\/11\/9e94e795b36402ef9b0f9fd67ade07520cfc5dd54db22e937c2d4ead80653659728aa8bdfd69f2aefd333c68649a775ababeccbbbb84a09e9e3d56_1280.jpg\" loading=\"lazy\">\n      <div class=\"custom-expanded data-layout-selected u-clearfix u-gutter-16 u-layout-wrap u-layout-wrap-1\">\n        <div class=\"u-gutter-0 u-layout\">\n          <div class=\"u-layout-col\">\n            <div class=\"u-size-20\">\n              <div class=\"u-layout-row\">\n                <div class=\"u-container-style u-layout-cell u-radius u-size-20 u-white u-layout-cell-1\" data-animation-name=\"\" data-animation-duration=\"0\" data-animation-delay=\"0\" data-animation-direction=\"\">\n                  <div class=\"u-container-layout u-container-layout-1\"><span class=\"u-file-icon u-icon u-icon-circle u-palette-1-base u-icon-1\" data-animation-name=\"\" data-animation-duration=\"0\" data-animation-delay=\"0\" data-animation-direction=\"\"><img decoding=\"async\" src=\"https:\/\/dk.ostroleka.pl\/wp\/wp-content\/uploads\/2025\/11\/44846451.png\" alt=\"\"><\/span>\n                    <h5 class=\"u-align-center u-custom-font u-heading-font u-text u-text-1\">oaza i stopnia<\/h5>\n                    <h4 class=\"u-align-center u-text u-text-2\">7-23.08.2026<\/h4>\n                    <ul class=\"u-align-left u-text u-text-palette-5-dark-2 u-text-3\">\n                      <li> Miejsce: \u200bZakopane - Dom Go\u015bcinny \"Kopieniec\"<\/li>\n                      <li> Moderator:&nbsp;<\/li>\n                      <li> Para prowadz\u0105ca: Ma\u0142gorzata i Janusz \u015awiderscy<\/li>\n                      <li> Zapisy: Ma\u0142gorzata tel. 604 858 597, Janusz tel. 881 434 347, mswiderska3@wp.pl&nbsp; &nbsp; &nbsp; &nbsp; &nbsp; &nbsp; &nbsp; &nbsp;<\/li>\n                    <\/ul>\n                    <a href=\"http:\/\/koscioldomowy.lomza.pl\/index.php\/rekolekcje\/rekolekcje\/434-zapraszamy-na-oaze-rodzin-i-st-zakopane\" class=\"u-align-center u-btn u-btn-round u-button-style u-custom-font u-heading-font u-hover-palette-1-light-1 u-palette-1-base u-radius u-text-body-alt-color u-text-hover-white u-btn-1\" target=\"_blank\">Szczeg\u00f3\u0142y na dk \u0142om\u017ca&nbsp;<span class=\"u-file-icon u-icon u-text-white u-icon-2\"><img decoding=\"async\" src=\"data:image\/png;base64,iVBORw0KGgoAAAANSUhEUgAAAIAAAACACAYAAADDPmHLAAAIZElEQVR4AeydW6hUZRiG92wLiqLIi45eeCBIwkNnKyghTaoLK8wyKJJCpYPaTaFhQQZ2FUqFlWVXUWZUXpVChdTuplLMoiDUToQGioVioTU+73bPZtx7Zs86\/Wv+f\/2ffO\/+16xZ\/7e+733fWXvNzHat3h7754SBer0+pV6vbwaHgE9xjGK2g7lq3AwgFgoG5I4nZR+4GZwBfIpRFDMVbKDOuWYAmHAQj5HTN+EpaVgsMwMM46SQFZMKyeI+ySQzgBuST3GTtvCso8wAhXMaVkIzQFh6FV6tGaBwSsNI2KjSDNBgItIxlwF4HzkaXAfmgMXgebA6IKyg1msj1b6\/7dQGgLCxYAn4jAx\/An3gsZFxDXgSLAkIz1JrH708xRhlJDYAJF0C3oelPWA1mA70qRJD0FGj+pX0dhljdNHRABBzPlgHM9+BO0AVQya4ocDGjhSYy2mqEQ2A8Fez923gIVCFVztttI1z2j6T\/omv0k\/pzoy2BkD8eylpK7gAWKRj4AU2\/xV4Hy0NgPgPU\/lb4DRgkZKBWq12kCmXA50Yf8m4IwW+Z1tnMTTxMAMg\/gw2UuEMFlkZwAT7wVJwPZiaBOzrSvADKC1OMgDiX8ye3wWhfJlBqdUIuBfnb9PNHFBaDBqAAmrsVQUUeTJESotODMB9V8RXXYMG4MHd4ApgUSID3RRfbfYbgCJO5cFzwKJEBuC9a6\/8Rpv9BuDBA2ACiDnqZTbvg\/jqt2GAe\/QgcpT2vt0X8aV3L8XopK\/Ij0GVNzQcoOCPgPOA764c9ts1piPAbTypohiijN\/pejbv0\/cyOg3fxFezMoC+1dNyHvzN5FXgdqB8oWAy9Y5D\/C8YnYaP4qthGWCMFnJgN3MvhcTlYBPYGhB2Uusx6ncavoqvpmWAC7WQA4sgUYfRHCmqO9Wx+O\/BXK7vDmSAi0iSNQ4x8RNg0YKBEsSfx25zHcFkgNEkyRq7efX\/n3VyleeVIT7c5xJf\/MsAGrOi1A9PshZZ9rxQxBcveQ2gHIYmBnwTv6m0lotmgJa0ZFsZmvjq0gwgFgpAiOKrbTOAWMiJUMVX22YAsZADIYuvts0AYiEjQhdfbZsBxEIGVEF8tW0GEAspURXx1bYZQCykgIfiH25VfsJ1h80ACZnSZh6Kr7Ly\/De0PjOAKEwAT8VX5Sv5keXP2XTkeMIMAHudwmPxe\/hCaD\/1TwEywseM+v+cI0Hf3uq\/909m7g4zAIyNFD6L36gbIQ+Cp8EtYHoHzOD5x4H+kKfHDNBgscUYgvgtyk61ygzQhq4YxFfrZgCxMASxiK+2zQBioQmhi9\/USqJFM0ATTbGJr9bNAGIBxCg+bdu7AJEQq\/jqPfojQMziR2+A2MWP2gAmvuTvifMcwMQ\/Ib5+RncOUFXxJWYWRGUAE3+4RaIxgIk\/XHyticIAJr6kbo3KG8DEby18Y22lDWDiN2RuP1bWACZ+e9Gbn6msAWjyJeDiwsu6LMu8Wq2W++IM1Nf1qKQBePXr6l8LHbBbuvj0cjqYCRaCRUMx5PFdPE51g49KGgDhdd19hkKjG+JPogPdq2kL4ytgbQfoUv+7MYFu8cOmnaOqBvitc+uptuiG+NJmA1WOB2lCd3lZiwlkno7ztJOOGwW4ge5p+HVBdZcu\/kDdunnHxIHltIOu\/HprkkmVNMDACZpOAH9JQsII23RLfJWU6ne5JgxBovmVNICIwAQSX5es1ahVadFN8dPWmnn7yhpAjGCCnxmzmCAK8eGm+n8PkMEE0YgfhQHUZAoTBCO++ioClf4V0ExQAhNEJ774icYAanbABDeyvA00x6s8qMzHu\/SSOKIygFjBBHpXMI3lWeBBMIV1uuR9JT7bp59UEZ0BxA6CHwVbwHrwrdbFiigNEKvYrfo2A7RiJaJ1ZoCIxG7VqhmgFSseryu6NDNA0YwGls8MEJhgRZdrBiia0cDymQECE6zocs0ARTMaWD4zQGCCFV2uGaBoRgPLZwYIRDBXZZoBXDEbSF4zQCBCuSrTDOCK2UDymgECEcpVmWYAV8wGktcMEIhQrso0A7hiNpC8ZgDPhXJdnhnANcOe5zcDeC6Q6\/LMAK4Z9jy\/GcBzgVyXZwZwzbDn+c0AngvkujwzgGuGPc9vBvBUoLLKMgOUxbSn+zEDeCpMWWWZAcpi2tP9mAE8FaassmSAf3Ps7Owcc23qyAzk5fafkdOfeFYG+OPEYqafY+v1+nmZZtqkTgxc02mDDs8n0jWvAVTDKv0wFMcAL6oxZHsE5InSDDCfgtcDOxLkkYu5cNgLZrK4FZwF8kRiA+h69Hl2pLnz+bGX4veA7YZ6Fg52wOFfQPcGSHuJeKadFP\/x6EfQMfQrYFPHrZJvMJZNpxp6snCgu5yc2VPMv89rtdqBJKl62VDO00WVk2xv24TBwIdJy9QRQNsWeRRQPkN3GUisZ8MAL1LvUWARPgMfcFRPfETvNwATdtH3a8AibAZ08rc8TQv9BhiYsJLxMLAIl4E3eTEnOvtvtDhoACbuY+UyYNEFBgrYpd73r0ibZ9AAmogJdC6wTsuGoBg4QrWz0W8vY6o4yQADM\/URpG67NvDQBs8ZqFPf\/Yif6TZ5wwxAIr0buJOkZgJI8Dyk1QI0091OMpU6zADKQsKDjLqhgv06gAhPQ5\/0zUKr1\/PU19IASkhi3VRhAcuLgb07gASP4htqmYZGuY\/SbQ3ADvqDnejEcAIPXgY65DBYdIkBfV4zj31fhS4\/MeaOjgbQHtjZPvAoy7qX7RrGxJ80sa1FPgZ0L6NPSaGj8UR0eAfoxI9V+SORARq7Yce7wFIwjnX6xusZxo2gD+wBef68jOnxxZCO9Xt9J+s2gzfAfeBc+L4JrAOFH4GPAwAA\/\/8zp11UAAAABklEQVQDAOn+LF2OpH3hAAAAAElFTkSuQmCC\" alt=\"\"><\/span>\n                    <\/a>\n                  <\/div>\n                <\/div>\n                <div class=\"u-container-style u-layout-cell u-radius u-size-20 u-white u-layout-cell-2\" data-animation-name=\"\" data-animation-duration=\"0\" data-animation-delay=\"0\" data-animation-direction=\"\">\n                  <div class=\"u-container-layout u-valign-bottom-xl u-container-layout-2\"><span class=\"u-file-icon u-icon u-icon-circle u-palette-1-base u-icon-3\" data-animation-name=\"\" data-animation-duration=\"0\" data-animation-delay=\"0\" data-animation-direction=\"\"><img decoding=\"async\" src=\"https:\/\/dk.ostroleka.pl\/wp\/wp-content\/uploads\/2025\/11\/44846451.png\" alt=\"\"><\/span>\n                    <h5 class=\"u-align-center u-custom-font u-heading-font u-text u-text-4\">oaza Ii stopnia<\/h5>\n                    <h4 class=\"u-align-center u-text u-text-5\">7-23.08.2026<\/h4>\n                    <ul class=\"u-align-justify u-text u-text-palette-5-dark-2 u-text-6\">\n                      <li> Miejsce: Kluczbork - Dom Rekolekcyjny Ksi\u0119\u017cy Sercan\u00f3w<\/li>\n                      <li> Moderator: ks. Marcin Budny<\/li>\n                      <li>Para prowadz\u0105ca: Alicja i Sylwester \u015aniada\u0142owie<\/li>\n                      <li> Zapisy: Alicja tel. 501 295 390, Sylwester tel. 508 131 700<\/li>\n                    <\/ul>\n                    <a href=\"http:\/\/koscioldomowy.lomza.pl\/index.php\/rekolekcje\/rekolekcje\/433-zapraszamy-na-rekolekcje-or-ii-st-kluczbork\" class=\"u-align-center u-btn u-btn-round u-button-style u-custom-font u-heading-font u-hover-palette-1-light-1 u-palette-1-base u-radius u-text-body-alt-color u-text-hover-white u-btn-2\" target=\"_blank\">Szczeg\u00f3\u0142y na dk \u0142om\u017ca&nbsp;<span class=\"u-file-icon u-icon u-text-white u-icon-4\"><img decoding=\"async\" src=\"data:image\/png;base64,iVBORw0KGgoAAAANSUhEUgAAAIAAAACACAYAAADDPmHLAAAIZElEQVR4AeydW6hUZRiG92wLiqLIi45eeCBIwkNnKyghTaoLK8wyKJJCpYPaTaFhQQZ2FUqFlWVXUWZUXpVChdTuplLMoiDUToQGioVioTU+73bPZtx7Zs86\/Wv+f\/2ffO\/+16xZ\/7e+733fWXvNzHat3h7754SBer0+pV6vbwaHgE9xjGK2g7lq3AwgFgoG5I4nZR+4GZwBfIpRFDMVbKDOuWYAmHAQj5HTN+EpaVgsMwMM46SQFZMKyeI+ySQzgBuST3GTtvCso8wAhXMaVkIzQFh6FV6tGaBwSsNI2KjSDNBgItIxlwF4HzkaXAfmgMXgebA6IKyg1msj1b6\/7dQGgLCxYAn4jAx\/An3gsZFxDXgSLAkIz1JrH708xRhlJDYAJF0C3oelPWA1mA70qRJD0FGj+pX0dhljdNHRABBzPlgHM9+BO0AVQya4ocDGjhSYy2mqEQ2A8Fez923gIVCFVztttI1z2j6T\/omv0k\/pzoy2BkD8eylpK7gAWKRj4AU2\/xV4Hy0NgPgPU\/lb4DRgkZKBWq12kCmXA50Yf8m4IwW+Z1tnMTTxMAMg\/gw2UuEMFlkZwAT7wVJwPZiaBOzrSvADKC1OMgDiX8ye3wWhfJlBqdUIuBfnb9PNHFBaDBqAAmrsVQUUeTJESotODMB9V8RXXYMG4MHd4ApgUSID3RRfbfYbgCJO5cFzwKJEBuC9a6\/8Rpv9BuDBA2ACiDnqZTbvg\/jqt2GAe\/QgcpT2vt0X8aV3L8XopK\/Ij0GVNzQcoOCPgPOA764c9ts1piPAbTypohiijN\/pejbv0\/cyOg3fxFezMoC+1dNyHvzN5FXgdqB8oWAy9Y5D\/C8YnYaP4qthGWCMFnJgN3MvhcTlYBPYGhB2Uusx6ncavoqvpmWAC7WQA4sgUYfRHCmqO9Wx+O\/BXK7vDmSAi0iSNQ4x8RNg0YKBEsSfx25zHcFkgNEkyRq7efX\/n3VyleeVIT7c5xJf\/MsAGrOi1A9PshZZ9rxQxBcveQ2gHIYmBnwTv6m0lotmgJa0ZFsZmvjq0gwgFgpAiOKrbTOAWMiJUMVX22YAsZADIYuvts0AYiEjQhdfbZsBxEIGVEF8tW0GEAspURXx1bYZQCykgIfiH25VfsJ1h80ACZnSZh6Kr7Ly\/De0PjOAKEwAT8VX5Sv5keXP2XTkeMIMAHudwmPxe\/hCaD\/1TwEywseM+v+cI0Hf3uq\/909m7g4zAIyNFD6L36gbIQ+Cp8EtYHoHzOD5x4H+kKfHDNBgscUYgvgtyk61ygzQhq4YxFfrZgCxMASxiK+2zQBioQmhi9\/USqJFM0ATTbGJr9bNAGIBxCg+bdu7AJEQq\/jqPfojQMziR2+A2MWP2gAmvuTvifMcwMQ\/Ib5+RncOUFXxJWYWRGUAE3+4RaIxgIk\/XHyticIAJr6kbo3KG8DEby18Y22lDWDiN2RuP1bWACZ+e9Gbn6msAWjyJeDiwsu6LMu8Wq2W++IM1Nf1qKQBePXr6l8LHbBbuvj0cjqYCRaCRUMx5PFdPE51g49KGgDhdd19hkKjG+JPogPdq2kL4ytgbQfoUv+7MYFu8cOmnaOqBvitc+uptuiG+NJmA1WOB2lCd3lZiwlkno7ztJOOGwW4ge5p+HVBdZcu\/kDdunnHxIHltIOu\/HprkkmVNMDACZpOAH9JQsII23RLfJWU6ne5JgxBovmVNICIwAQSX5es1ahVadFN8dPWmnn7yhpAjGCCnxmzmCAK8eGm+n8PkMEE0YgfhQHUZAoTBCO++ioClf4V0ExQAhNEJ774icYAanbABDeyvA00x6s8qMzHu\/SSOKIygFjBBHpXMI3lWeBBMIV1uuR9JT7bp59UEZ0BxA6CHwVbwHrwrdbFiigNEKvYrfo2A7RiJaJ1ZoCIxG7VqhmgFSseryu6NDNA0YwGls8MEJhgRZdrBiia0cDymQECE6zocs0ARTMaWD4zQGCCFV2uGaBoRgPLZwYIRDBXZZoBXDEbSF4zQCBCuSrTDOCK2UDymgECEcpVmWYAV8wGktcMEIhQrso0A7hiNpC8ZgDPhXJdnhnANcOe5zcDeC6Q6\/LMAK4Z9jy\/GcBzgVyXZwZwzbDn+c0AngvkujwzgGuGPc9vBvBUoLLKMgOUxbSn+zEDeCpMWWWZAcpi2tP9mAE8FaassmSAf3Ps7Owcc23qyAzk5fafkdOfeFYG+OPEYqafY+v1+nmZZtqkTgxc02mDDs8n0jWvAVTDKv0wFMcAL6oxZHsE5InSDDCfgtcDOxLkkYu5cNgLZrK4FZwF8kRiA+h69Hl2pLnz+bGX4veA7YZ6Fg52wOFfQPcGSHuJeKadFP\/x6EfQMfQrYFPHrZJvMJZNpxp6snCgu5yc2VPMv89rtdqBJKl62VDO00WVk2xv24TBwIdJy9QRQNsWeRRQPkN3GUisZ8MAL1LvUWARPgMfcFRPfETvNwATdtH3a8AibAZ08rc8TQv9BhiYsJLxMLAIl4E3eTEnOvtvtDhoACbuY+UyYNEFBgrYpd73r0ibZ9AAmogJdC6wTsuGoBg4QrWz0W8vY6o4yQADM\/URpG67NvDQBs8ZqFPf\/Yif6TZ5wwxAIr0buJOkZgJI8Dyk1QI0091OMpU6zADKQsKDjLqhgv06gAhPQ5\/0zUKr1\/PU19IASkhi3VRhAcuLgb07gASP4htqmYZGuY\/SbQ3ADvqDnejEcAIPXgY65DBYdIkBfV4zj31fhS4\/MeaOjgbQHtjZPvAoy7qX7RrGxJ80sa1FPgZ0L6NPSaGj8UR0eAfoxI9V+SORARq7Yce7wFIwjnX6xusZxo2gD+wBef68jOnxxZCO9Xt9J+s2gzfAfeBc+L4JrAOFH4GPAwAA\/\/8zp11UAAAABklEQVQDAOn+LF2OpH3hAAAAAElFTkSuQmCC\" alt=\"\"><\/span>\n                    <\/a>\n                  <\/div>\n                <\/div>\n                <div class=\"u-container-style u-layout-cell u-radius u-size-20 u-white u-layout-cell-3\">\n                  <div class=\"u-container-layout u-valign-bottom-xl u-container-layout-3\"><span class=\"u-file-icon u-icon u-icon-circle u-palette-1-base u-icon-5\" data-animation-name=\"\" data-animation-duration=\"0\" data-animation-delay=\"0\" data-animation-direction=\"\"><img decoding=\"async\" src=\"https:\/\/dk.ostroleka.pl\/wp\/wp-content\/uploads\/2025\/11\/44846451.png\" alt=\"\"><\/span>\n                    <h5 class=\"u-align-center u-custom-font u-heading-font u-text u-text-7\">oaza IIi stopnia<\/h5>\n                    <h4 class=\"u-align-center u-text u-text-8\">27.06-13.07.2026<\/h4>\n                    <ul class=\"u-align-justify u-text u-text-palette-5-dark-2 u-text-9\">\n                      <li> Miejsce: \u200bKrak\u00f3w<\/li>\n                      <li> Moderator:&nbsp;ks. \u0141ukasz Andrzejczyk<\/li>\n                      <li>Para prowadz\u0105ca:&nbsp;Joanna i Bogdan Dudzi\u0144scy<\/li>\n                      <li> Zapisy: \u200b609209536 (Joanna), 60909615 (Bogdan)&nbsp;&nbsp;&nbsp;email:&nbsp;<a href=\"mailto:jbdudzinscy@o2.pl\" class=\"u-active-none u-border-none u-btn u-button-style u-hover-none u-none u-text-palette-1-base u-btn-3\">jbdudzinscy@o2.pl<\/a>\n                      <\/li>\n                    <\/ul>\n                    <a href=\"http:\/\/koscioldomowy.lomza.pl\/index.php\/rekolekcje\/rekolekcje\/424-zapraszamy-na-oaze-rodzin-iii-st-krakow\" class=\"u-align-center u-btn u-btn-round u-button-style u-custom-font u-heading-font u-hover-palette-1-light-1 u-palette-1-base u-radius u-text-body-alt-color u-text-hover-white u-btn-4\" target=\"_blank\">Szczeg\u00f3\u0142y na dk \u0142om\u017ca&nbsp;<span class=\"u-file-icon u-icon u-text-white u-icon-6\"><img decoding=\"async\" src=\"data:image\/png;base64,iVBORw0KGgoAAAANSUhEUgAAAIAAAACACAYAAADDPmHLAAAIZElEQVR4AeydW6hUZRiG92wLiqLIi45eeCBIwkNnKyghTaoLK8wyKJJCpYPaTaFhQQZ2FUqFlWVXUWZUXpVChdTuplLMoiDUToQGioVioTU+73bPZtx7Zs86\/Wv+f\/2ffO\/+16xZ\/7e+733fWXvNzHat3h7754SBer0+pV6vbwaHgE9xjGK2g7lq3AwgFgoG5I4nZR+4GZwBfIpRFDMVbKDOuWYAmHAQj5HTN+EpaVgsMwMM46SQFZMKyeI+ySQzgBuST3GTtvCso8wAhXMaVkIzQFh6FV6tGaBwSsNI2KjSDNBgItIxlwF4HzkaXAfmgMXgebA6IKyg1msj1b6\/7dQGgLCxYAn4jAx\/An3gsZFxDXgSLAkIz1JrH708xRhlJDYAJF0C3oelPWA1mA70qRJD0FGj+pX0dhljdNHRABBzPlgHM9+BO0AVQya4ocDGjhSYy2mqEQ2A8Fez923gIVCFVztttI1z2j6T\/omv0k\/pzoy2BkD8eylpK7gAWKRj4AU2\/xV4Hy0NgPgPU\/lb4DRgkZKBWq12kCmXA50Yf8m4IwW+Z1tnMTTxMAMg\/gw2UuEMFlkZwAT7wVJwPZiaBOzrSvADKC1OMgDiX8ye3wWhfJlBqdUIuBfnb9PNHFBaDBqAAmrsVQUUeTJESotODMB9V8RXXYMG4MHd4ApgUSID3RRfbfYbgCJO5cFzwKJEBuC9a6\/8Rpv9BuDBA2ACiDnqZTbvg\/jqt2GAe\/QgcpT2vt0X8aV3L8XopK\/Ij0GVNzQcoOCPgPOA764c9ts1piPAbTypohiijN\/pejbv0\/cyOg3fxFezMoC+1dNyHvzN5FXgdqB8oWAy9Y5D\/C8YnYaP4qthGWCMFnJgN3MvhcTlYBPYGhB2Uusx6ncavoqvpmWAC7WQA4sgUYfRHCmqO9Wx+O\/BXK7vDmSAi0iSNQ4x8RNg0YKBEsSfx25zHcFkgNEkyRq7efX\/n3VyleeVIT7c5xJf\/MsAGrOi1A9PshZZ9rxQxBcveQ2gHIYmBnwTv6m0lotmgJa0ZFsZmvjq0gwgFgpAiOKrbTOAWMiJUMVX22YAsZADIYuvts0AYiEjQhdfbZsBxEIGVEF8tW0GEAspURXx1bYZQCykgIfiH25VfsJ1h80ACZnSZh6Kr7Ly\/De0PjOAKEwAT8VX5Sv5keXP2XTkeMIMAHudwmPxe\/hCaD\/1TwEywseM+v+cI0Hf3uq\/909m7g4zAIyNFD6L36gbIQ+Cp8EtYHoHzOD5x4H+kKfHDNBgscUYgvgtyk61ygzQhq4YxFfrZgCxMASxiK+2zQBioQmhi9\/USqJFM0ATTbGJr9bNAGIBxCg+bdu7AJEQq\/jqPfojQMziR2+A2MWP2gAmvuTvifMcwMQ\/Ib5+RncOUFXxJWYWRGUAE3+4RaIxgIk\/XHyticIAJr6kbo3KG8DEby18Y22lDWDiN2RuP1bWACZ+e9Gbn6msAWjyJeDiwsu6LMu8Wq2W++IM1Nf1qKQBePXr6l8LHbBbuvj0cjqYCRaCRUMx5PFdPE51g49KGgDhdd19hkKjG+JPogPdq2kL4ytgbQfoUv+7MYFu8cOmnaOqBvitc+uptuiG+NJmA1WOB2lCd3lZiwlkno7ztJOOGwW4ge5p+HVBdZcu\/kDdunnHxIHltIOu\/HprkkmVNMDACZpOAH9JQsII23RLfJWU6ne5JgxBovmVNICIwAQSX5es1ahVadFN8dPWmnn7yhpAjGCCnxmzmCAK8eGm+n8PkMEE0YgfhQHUZAoTBCO++ioClf4V0ExQAhNEJ774icYAanbABDeyvA00x6s8qMzHu\/SSOKIygFjBBHpXMI3lWeBBMIV1uuR9JT7bp59UEZ0BxA6CHwVbwHrwrdbFiigNEKvYrfo2A7RiJaJ1ZoCIxG7VqhmgFSseryu6NDNA0YwGls8MEJhgRZdrBiia0cDymQECE6zocs0ARTMaWD4zQGCCFV2uGaBoRgPLZwYIRDBXZZoBXDEbSF4zQCBCuSrTDOCK2UDymgECEcpVmWYAV8wGktcMEIhQrso0A7hiNpC8ZgDPhXJdnhnANcOe5zcDeC6Q6\/LMAK4Z9jy\/GcBzgVyXZwZwzbDn+c0AngvkujwzgGuGPc9vBvBUoLLKMgOUxbSn+zEDeCpMWWWZAcpi2tP9mAE8FaassmSAf3Ps7Owcc23qyAzk5fafkdOfeFYG+OPEYqafY+v1+nmZZtqkTgxc02mDDs8n0jWvAVTDKv0wFMcAL6oxZHsE5InSDDCfgtcDOxLkkYu5cNgLZrK4FZwF8kRiA+h69Hl2pLnz+bGX4veA7YZ6Fg52wOFfQPcGSHuJeKadFP\/x6EfQMfQrYFPHrZJvMJZNpxp6snCgu5yc2VPMv89rtdqBJKl62VDO00WVk2xv24TBwIdJy9QRQNsWeRRQPkN3GUisZ8MAL1LvUWARPgMfcFRPfETvNwATdtH3a8AibAZ08rc8TQv9BhiYsJLxMLAIl4E3eTEnOvtvtDhoACbuY+UyYNEFBgrYpd73r0ibZ9AAmogJdC6wTsuGoBg4QrWz0W8vY6o4yQADM\/URpG67NvDQBs8ZqFPf\/Yif6TZ5wwxAIr0buJOkZgJI8Dyk1QI0091OMpU6zADKQsKDjLqhgv06gAhPQ5\/0zUKr1\/PU19IASkhi3VRhAcuLgb07gASP4htqmYZGuY\/SbQ3ADvqDnejEcAIPXgY65DBYdIkBfV4zj31fhS4\/MeaOjgbQHtjZPvAoy7qX7RrGxJ80sa1FPgZ0L6NPSaGj8UR0eAfoxI9V+SORARq7Yce7wFIwjnX6xusZxo2gD+wBef68jOnxxZCO9Xt9J+s2gzfAfeBc+L4JrAOFH4GPAwAA\/\/8zp11UAAAABklEQVQDAOn+LF2OpH3hAAAAAElFTkSuQmCC\" alt=\"\"><\/span>\n                    <\/a>\n                  <\/div>\n                <\/div>\n              <\/div>\n            <\/div>\n            <div class=\"u-size-20\">\n              <div class=\"u-layout-row\">\n                <div class=\"u-container-style u-layout-cell u-radius u-size-30 u-white u-layout-cell-4\">\n                  <div class=\"u-container-layout u-container-layout-4\"><span class=\"u-file-icon u-icon u-icon-circle u-palette-1-base u-icon-7\" data-animation-name=\"\" data-animation-duration=\"0\" data-animation-delay=\"0\" data-animation-direction=\"\"><img decoding=\"async\" src=\"https:\/\/dk.ostroleka.pl\/wp\/wp-content\/uploads\/2025\/11\/523ed3a1.png\" alt=\"\"><\/span>\n                    <h5 class=\"u-align-center u-custom-font u-heading-font u-text u-text-10\">oRar i stopnia<\/h5>\n                    <h4 class=\"u-align-center u-text u-text-11\"> 2026&nbsp;<\/h4>\n                    <ul class=\"u-align-justify u-text u-text-palette-5-dark-2 u-text-12\">\n                      <li> Miejsce:&nbsp;<\/li>\n                      <li> Prowadz\u0105cy: <\/li>\n                      <li> Zapisy: <\/li>\n                    <\/ul>\n                  <\/div>\n                <\/div>\n                <div class=\"u-container-style u-layout-cell u-radius u-size-30 u-white u-layout-cell-5\">\n                  <div class=\"u-container-layout u-container-layout-5\"><span class=\"u-file-icon u-icon u-icon-circle u-palette-1-base u-icon-8\" data-animation-name=\"\" data-animation-duration=\"0\" data-animation-delay=\"0\" data-animation-direction=\"\"><img decoding=\"async\" src=\"https:\/\/dk.ostroleka.pl\/wp\/wp-content\/uploads\/2025\/11\/523ed3a1.png\" alt=\"\"><\/span>\n                    <h5 class=\"u-align-center u-custom-font u-heading-font u-text u-text-13\">oRar iI stopnia<\/h5>\n                    <h4 class=\"u-align-center u-text u-text-14\"> 2026&nbsp;<\/h4>\n                    <ul class=\"u-align-justify u-text u-text-palette-5-dark-2 u-text-15\">\n                      <li> Miejsce:&nbsp;<\/li>\n                      <li> Prowadz\u0105cy: <\/li>\n                      <li> Zapisy: <\/li>\n                    <\/ul>\n                  <\/div>\n                <\/div>\n              <\/div>\n            <\/div>\n            <div class=\"u-size-20\">\n              <div class=\"u-layout-row\">\n                <div class=\"u-container-style u-layout-cell u-radius u-size-20 u-white u-layout-cell-6\">\n                  <div class=\"u-container-layout u-valign-bottom-lg u-valign-bottom-md u-valign-bottom-sm u-valign-bottom-xs u-container-layout-6\"><span class=\"u-file-icon u-icon u-icon-circle u-palette-1-base u-icon-9\" data-animation-name=\"\" data-animation-duration=\"0\" data-animation-delay=\"0\" data-animation-direction=\"\"><img decoding=\"async\" src=\"https:\/\/dk.ostroleka.pl\/wp\/wp-content\/uploads\/2025\/11\/b867ce5b.png\" alt=\"\"><\/span>\n                    <h5 class=\"u-align-center u-custom-font u-heading-font u-text u-text-16\">rekolekcje tematyczne<\/h5>\n                    <h4 class=\"u-align-center u-text u-text-17\">29.04-03.05.2026<br>\"Dialog Ma\u0142\u017ce\u0144ski\"\n                    <\/h4>\n                    <a href=\"#popup-6b78\" class=\"u-align-center u-btn u-button-style u-custom-font u-dialog-link u-heading-font u-btn-5\"><span class=\"u-icon u-text-white u-icon-10\"><\/span>&nbsp;Zobacz plakat\n                    <\/a>\n                    <ul class=\"u-align-justify u-text u-text-palette-5-dark-2 u-text-18\">\n                      <li> Miejsce: Gietrzwa\u0142d<\/li>\n                      <li> Prowadz\u0105cy: ks. \u0141ukasz Andrzejczyk oraz Emilka i Jarek Porowscy<\/li>\n                      <li> Zapisy: Emilka Porowska tel. 508117769 po 16:00<\/li>\n                    <\/ul>\n                    <a href=\"http:\/\/koscioldomowy.lomza.pl\/index.php\/rekolekcje\/rekolekcje\/437-rekolekcje-tematyczne-dialog-malzenski-gietrzwald\" class=\"u-align-center u-btn u-btn-round u-button-style u-custom-font u-heading-font u-hover-palette-1-light-1 u-palette-1-base u-radius u-text-body-alt-color u-text-hover-white u-btn-6\" target=\"_blank\">Szczeg\u00f3\u0142y na dk \u0142om\u017ca&nbsp;<span class=\"u-file-icon u-icon u-text-white u-icon-11\"><img decoding=\"async\" src=\"data:image\/png;base64,iVBORw0KGgoAAAANSUhEUgAAAIAAAACACAYAAADDPmHLAAAIZElEQVR4AeydW6hUZRiG92wLiqLIi45eeCBIwkNnKyghTaoLK8wyKJJCpYPaTaFhQQZ2FUqFlWVXUWZUXpVChdTuplLMoiDUToQGioVioTU+73bPZtx7Zs86\/Wv+f\/2ffO\/+16xZ\/7e+733fWXvNzHat3h7754SBer0+pV6vbwaHgE9xjGK2g7lq3AwgFgoG5I4nZR+4GZwBfIpRFDMVbKDOuWYAmHAQj5HTN+EpaVgsMwMM46SQFZMKyeI+ySQzgBuST3GTtvCso8wAhXMaVkIzQFh6FV6tGaBwSsNI2KjSDNBgItIxlwF4HzkaXAfmgMXgebA6IKyg1msj1b6\/7dQGgLCxYAn4jAx\/An3gsZFxDXgSLAkIz1JrH708xRhlJDYAJF0C3oelPWA1mA70qRJD0FGj+pX0dhljdNHRABBzPlgHM9+BO0AVQya4ocDGjhSYy2mqEQ2A8Fez923gIVCFVztttI1z2j6T\/omv0k\/pzoy2BkD8eylpK7gAWKRj4AU2\/xV4Hy0NgPgPU\/lb4DRgkZKBWq12kCmXA50Yf8m4IwW+Z1tnMTTxMAMg\/gw2UuEMFlkZwAT7wVJwPZiaBOzrSvADKC1OMgDiX8ye3wWhfJlBqdUIuBfnb9PNHFBaDBqAAmrsVQUUeTJESotODMB9V8RXXYMG4MHd4ApgUSID3RRfbfYbgCJO5cFzwKJEBuC9a6\/8Rpv9BuDBA2ACiDnqZTbvg\/jqt2GAe\/QgcpT2vt0X8aV3L8XopK\/Ij0GVNzQcoOCPgPOA764c9ts1piPAbTypohiijN\/pejbv0\/cyOg3fxFezMoC+1dNyHvzN5FXgdqB8oWAy9Y5D\/C8YnYaP4qthGWCMFnJgN3MvhcTlYBPYGhB2Uusx6ncavoqvpmWAC7WQA4sgUYfRHCmqO9Wx+O\/BXK7vDmSAi0iSNQ4x8RNg0YKBEsSfx25zHcFkgNEkyRq7efX\/n3VyleeVIT7c5xJf\/MsAGrOi1A9PshZZ9rxQxBcveQ2gHIYmBnwTv6m0lotmgJa0ZFsZmvjq0gwgFgpAiOKrbTOAWMiJUMVX22YAsZADIYuvts0AYiEjQhdfbZsBxEIGVEF8tW0GEAspURXx1bYZQCykgIfiH25VfsJ1h80ACZnSZh6Kr7Ly\/De0PjOAKEwAT8VX5Sv5keXP2XTkeMIMAHudwmPxe\/hCaD\/1TwEywseM+v+cI0Hf3uq\/909m7g4zAIyNFD6L36gbIQ+Cp8EtYHoHzOD5x4H+kKfHDNBgscUYgvgtyk61ygzQhq4YxFfrZgCxMASxiK+2zQBioQmhi9\/USqJFM0ATTbGJr9bNAGIBxCg+bdu7AJEQq\/jqPfojQMziR2+A2MWP2gAmvuTvifMcwMQ\/Ib5+RncOUFXxJWYWRGUAE3+4RaIxgIk\/XHyticIAJr6kbo3KG8DEby18Y22lDWDiN2RuP1bWACZ+e9Gbn6msAWjyJeDiwsu6LMu8Wq2W++IM1Nf1qKQBePXr6l8LHbBbuvj0cjqYCRaCRUMx5PFdPE51g49KGgDhdd19hkKjG+JPogPdq2kL4ytgbQfoUv+7MYFu8cOmnaOqBvitc+uptuiG+NJmA1WOB2lCd3lZiwlkno7ztJOOGwW4ge5p+HVBdZcu\/kDdunnHxIHltIOu\/HprkkmVNMDACZpOAH9JQsII23RLfJWU6ne5JgxBovmVNICIwAQSX5es1ahVadFN8dPWmnn7yhpAjGCCnxmzmCAK8eGm+n8PkMEE0YgfhQHUZAoTBCO++ioClf4V0ExQAhNEJ774icYAanbABDeyvA00x6s8qMzHu\/SSOKIygFjBBHpXMI3lWeBBMIV1uuR9JT7bp59UEZ0BxA6CHwVbwHrwrdbFiigNEKvYrfo2A7RiJaJ1ZoCIxG7VqhmgFSseryu6NDNA0YwGls8MEJhgRZdrBiia0cDymQECE6zocs0ARTMaWD4zQGCCFV2uGaBoRgPLZwYIRDBXZZoBXDEbSF4zQCBCuSrTDOCK2UDymgECEcpVmWYAV8wGktcMEIhQrso0A7hiNpC8ZgDPhXJdnhnANcOe5zcDeC6Q6\/LMAK4Z9jy\/GcBzgVyXZwZwzbDn+c0AngvkujwzgGuGPc9vBvBUoLLKMgOUxbSn+zEDeCpMWWWZAcpi2tP9mAE8FaassmSAf3Ps7Owcc23qyAzk5fafkdOfeFYG+OPEYqafY+v1+nmZZtqkTgxc02mDDs8n0jWvAVTDKv0wFMcAL6oxZHsE5InSDDCfgtcDOxLkkYu5cNgLZrK4FZwF8kRiA+h69Hl2pLnz+bGX4veA7YZ6Fg52wOFfQPcGSHuJeKadFP\/x6EfQMfQrYFPHrZJvMJZNpxp6snCgu5yc2VPMv89rtdqBJKl62VDO00WVk2xv24TBwIdJy9QRQNsWeRRQPkN3GUisZ8MAL1LvUWARPgMfcFRPfETvNwATdtH3a8AibAZ08rc8TQv9BhiYsJLxMLAIl4E3eTEnOvtvtDhoACbuY+UyYNEFBgrYpd73r0ibZ9AAmogJdC6wTsuGoBg4QrWz0W8vY6o4yQADM\/URpG67NvDQBs8ZqFPf\/Yif6TZ5wwxAIr0buJOkZgJI8Dyk1QI0091OMpU6zADKQsKDjLqhgv06gAhPQ5\/0zUKr1\/PU19IASkhi3VRhAcuLgb07gASP4htqmYZGuY\/SbQ3ADvqDnejEcAIPXgY65DBYdIkBfV4zj31fhS4\/MeaOjgbQHtjZPvAoy7qX7RrGxJ80sa1FPgZ0L6NPSaGj8UR0eAfoxI9V+SORARq7Yce7wFIwjnX6xusZxo2gD+wBef68jOnxxZCO9Xt9J+s2gzfAfeBc+L4JrAOFH4GPAwAA\/\/8zp11UAAAABklEQVQDAOn+LF2OpH3hAAAAAElFTkSuQmCC\" alt=\"\"><\/span>\n                    <\/a>\n                  <\/div>\n                <\/div>\n                <div class=\"cell-temp-clone u-container-style u-layout-cell u-radius u-size-20 u-white u-layout-cell-7\">\n                  <div class=\"u-container-layout u-container-layout-7\"><span class=\"u-file-icon u-icon u-icon-circle u-palette-1-base u-icon-12\" data-animation-name=\"\" data-animation-duration=\"0\" data-animation-delay=\"0\" data-animation-direction=\"\"><img decoding=\"async\" src=\"https:\/\/dk.ostroleka.pl\/wp\/wp-content\/uploads\/2025\/11\/b867ce5b.png\" alt=\"\"><\/span>\n                    <h5 class=\"u-align-center u-custom-font u-heading-font u-text u-text-19\">rekolekcje tematyczne<\/h5>\n                    <h4 class=\"u-align-center u-text u-text-20\">18-26.07.2026<br>\"Rado\u015b\u0107 zobowi\u0105za\u0144\"\n                    <\/h4>\n                    <ul class=\"u-align-justify u-text u-text-palette-5-dark-2 u-text-21\">\n                      <li> Miejsce: Krynica Zdr\u00f3j<\/li>\n                      <li> Prowadz\u0105cy: <\/li>\n                      <li> Zapisy: <\/li>\n                    <\/ul>\n                  <\/div>\n                <\/div>\n                <div class=\"u-container-style u-layout-cell u-radius u-size-20 u-white u-layout-cell-8\">\n                  <div class=\"u-container-layout u-container-layout-8\"><span class=\"u-file-icon u-icon u-icon-circle u-palette-1-base u-icon-13\" data-animation-name=\"\" data-animation-duration=\"0\" data-animation-delay=\"0\" data-animation-direction=\"\"><img decoding=\"async\" src=\"https:\/\/dk.ostroleka.pl\/wp\/wp-content\/uploads\/2025\/11\/d165310d.png\" alt=\"\"><\/span>\n                    <h5 class=\"u-align-center u-custom-font u-heading-font u-text u-text-22\">oaza modlitwy<br>\n                    <\/h5>\n                    <h4 class=\"u-align-center u-text u-text-23\">2026<\/h4>\n                    <ul class=\"u-align-justify u-text u-text-palette-5-dark-2 u-text-24\">\n                      <li> Miejsce:&nbsp;<\/li>\n                      <li>Prowadz\u0105cy:<\/li>\n                    <\/ul>\n                  <\/div>\n                <\/div>\n              <\/div>\n            <\/div>\n          <\/div>\n        <\/div>\n      <\/div>\n      <h2 class=\"u-align-center u-text u-text-body-alt-color u-text-default u-text-25\"><b>Rekolekcje formacyjne<br><\/b><b>Domowego Ko\u015bcio\u0142a<\/b>\n        <br><b>diecezji \u0142om\u017cy\u0144skiej<\/b>\n      <\/h2>\n    <\/section>\n    \n    \n    \n    \n  \n","protected":false},"excerpt":{"rendered":"<p>oaza i stopnia 7-23.08.2026 Miejsce: \u200bZakopane &#8211; Dom Go\u015bcinny &#8222;Kopieniec&#8221; Moderator:&nbsp; Para prowadz\u0105ca: Ma\u0142gorzata i Janusz \u015awiderscy Zapisy: Ma\u0142gorzata tel. 604 858 597, Janusz tel. 881 434 347, mswiderska3@wp.pl&nbsp; &nbsp; &nbsp; &nbsp; &nbsp; &nbsp; &nbsp; &nbsp; Szczeg\u00f3\u0142y na dk \u0142om\u017ca&nbsp; oaza Ii stopnia 7-23.08.2026 Miejsce: Kluczbork &#8211; Dom Rekolekcyjny Ksi\u0119\u017cy Sercan\u00f3w Moderator: ks. Marcin Budny &hellip; <a href=\"https:\/\/dk.ostroleka.pl\/wp\/rekolekcje\/\" class=\"more-link\">Continue reading<span class=\"screen-reader-text\"> &#8222;Rekolekcje&#8221;<\/span><\/a><\/p>\n","protected":false},"author":1,"featured_media":0,"parent":0,"menu_order":3,"comment_status":"closed","ping_status":"closed","template":"","meta":{"footnotes":""},"class_list":["post-565","page","type-page","status-publish","hentry"],"_links":{"self":[{"href":"https:\/\/dk.ostroleka.pl\/wp\/wp-json\/wp\/v2\/pages\/565","targetHints":{"allow":["GET"]}}],"collection":[{"href":"https:\/\/dk.ostroleka.pl\/wp\/wp-json\/wp\/v2\/pages"}],"about":[{"href":"https:\/\/dk.ostroleka.pl\/wp\/wp-json\/wp\/v2\/types\/page"}],"author":[{"embeddable":true,"href":"https:\/\/dk.ostroleka.pl\/wp\/wp-json\/wp\/v2\/users\/1"}],"replies":[{"embeddable":true,"href":"https:\/\/dk.ostroleka.pl\/wp\/wp-json\/wp\/v2\/comments?post=565"}],"version-history":[{"count":12,"href":"https:\/\/dk.ostroleka.pl\/wp\/wp-json\/wp\/v2\/pages\/565\/revisions"}],"predecessor-version":[{"id":732,"href":"https:\/\/dk.ostroleka.pl\/wp\/wp-json\/wp\/v2\/pages\/565\/revisions\/732"}],"wp:attachment":[{"href":"https:\/\/dk.ostroleka.pl\/wp\/wp-json\/wp\/v2\/media?parent=565"}],"curies":[{"name":"wp","href":"https:\/\/api.w.org\/{rel}","templated":true}]}}